{"id":509,"date":"2024-03-22T17:32:52","date_gmt":"2024-03-22T20:32:52","guid":{"rendered":"https:\/\/psibetaniarianldi.com\/?page_id=509"},"modified":"2024-03-22T18:47:04","modified_gmt":"2024-03-22T21:47:04","slug":"blog2","status":"publish","type":"page","link":"https:\/\/psibetaniarianldi.com\/index.php\/blog2\/","title":{"rendered":"Blog2"},"content":{"rendered":"\t\t<div data-elementor-type=\"wp-page\" data-elementor-id=\"509\" class=\"elementor elementor-509\">\n\t\t\t\t\t\t\t<div class=\"elementor-element elementor-element-7c9d1cce e-flex e-con-boxed wpr-particle-no wpr-jarallax-no wpr-parallax-no wpr-sticky-section-no e-con e-parent\" data-id=\"7c9d1cce\" data-element_type=\"container\" data-settings=\"{&quot;background_background&quot;:&quot;classic&quot;,&quot;container_type&quot;:&quot;flex&quot;,&quot;content_width&quot;:&quot;boxed&quot;}\" data-core-v316-plus=\"true\">\n\t\t\t\t\t<div class=\"e-con-inner\">\n\t\t\t\t<div class=\"elementor-element elementor-element-154cb8c5 elementor-widget__width-initial elementor-widget elementor-widget-heading\" data-id=\"154cb8c5\" data-element_type=\"widget\" data-widget_type=\"heading.default\">\n\t\t\t\t<div class=\"elementor-widget-container\">\n\t\t\t<style>\/*! elementor - v3.18.0 - 20-12-2023 *\/\n.elementor-heading-title{padding:0;margin:0;line-height:1}.elementor-widget-heading .elementor-heading-title[class*=elementor-size-]>a{color:inherit;font-size:inherit;line-height:inherit}.elementor-widget-heading .elementor-heading-title.elementor-size-small{font-size:15px}.elementor-widget-heading .elementor-heading-title.elementor-size-medium{font-size:19px}.elementor-widget-heading .elementor-heading-title.elementor-size-large{font-size:29px}.elementor-widget-heading .elementor-heading-title.elementor-size-xl{font-size:39px}.elementor-widget-heading .elementor-heading-title.elementor-size-xxl{font-size:59px}<\/style><h2 class=\"elementor-heading-title elementor-size-default\">Blog<\/h2>\t\t<\/div>\n\t\t\t\t<\/div>\n\t\t\t\t\t<\/div>\n\t\t\t\t<\/div>\n\t\t<div class=\"elementor-element elementor-element-6a108922 e-flex e-con-boxed wpr-particle-no wpr-jarallax-no wpr-parallax-no wpr-sticky-section-no e-con e-parent\" data-id=\"6a108922\" data-element_type=\"container\" data-settings=\"{&quot;container_type&quot;:&quot;flex&quot;,&quot;content_width&quot;:&quot;boxed&quot;}\" data-core-v316-plus=\"true\">\n\t\t\t\t\t<div class=\"e-con-inner\">\n\t\t\t\t<div class=\"elementor-element elementor-element-69f74b elementor-widget elementor-widget-heading\" data-id=\"69f74b\" data-element_type=\"widget\" data-widget_type=\"heading.default\">\n\t\t\t\t<div class=\"elementor-widget-container\">\n\t\t\t<h2 class=\"elementor-heading-title elementor-size-default\">Espelho, espelho meu...<\/h2>\t\t<\/div>\n\t\t\t\t<\/div>\n\t\t\t\t<div class=\"elementor-element elementor-element-3e8ff22f elementor-widget elementor-widget-text-editor\" data-id=\"3e8ff22f\" data-element_type=\"widget\" data-widget_type=\"text-editor.default\">\n\t\t\t\t<div class=\"elementor-widget-container\">\n\t\t\t<style>\/*! elementor - v3.18.0 - 20-12-2023 *\/\n.elementor-widget-text-editor.elementor-drop-cap-view-stacked .elementor-drop-cap{background-color:#69727d;color:#fff}.elementor-widget-text-editor.elementor-drop-cap-view-framed .elementor-drop-cap{color:#69727d;border:3px solid;background-color:transparent}.elementor-widget-text-editor:not(.elementor-drop-cap-view-default) .elementor-drop-cap{margin-top:8px}.elementor-widget-text-editor:not(.elementor-drop-cap-view-default) .elementor-drop-cap-letter{width:1em;height:1em}.elementor-widget-text-editor .elementor-drop-cap{float:left;text-align:center;line-height:1;font-size:50px}.elementor-widget-text-editor .elementor-drop-cap-letter{display:inline-block}<\/style>\t\t\t\tTe confesso que eu nunca tive maiores problemas com o espelho. Mas j\u00e1 ouvi muitos relatos e sei que existem mulheres que n\u00e3o gostam de se olhar no espelho ou nem sequer conseguem chegar perto de um.\n<br><br>\nA cl\u00e1ssica frase \u201cEspelho, espelho meu, existe algu\u00e9m mais bela do que eu? dos contos de fada acompanhou muitas de n\u00f3s durante a inf\u00e2ncia e acompanha at\u00e9 os dias de hoje.\n<br><br>\nEssa hist\u00f3ria nos remete a acreditar nisso,o poder da beleza concedido a uma \u00fanica pessoa, um modelo ideal. E crescemos acreditando nisso, buscando um modelo ideal, muitas vezes ditado pela m\u00eddia social. Um modelo que muda a cada esta\u00e7\u00e3o atrav\u00e9s da moda com padr\u00f5es e regras a serem seguidas como se fossemos seres m\u00e1gicos.\n<br><br>\nA hist\u00f3ria do culto a beleza \u00e9 culturalmente de longa data e at\u00e9 hoje assombra muitas mulheres como a Rainha m\u00e1 que perseguia Branca de Neve por sua beleza \u00fanica. Carregamos o peso dessa bagagem: da n\u00e3o aceita\u00e7\u00e3o do que se \u00e9, pela busca do modelo ideal, da perfei\u00e7\u00e3o.\n<br><br>\nQuantas de n\u00f3s n\u00e3o se sentem felizes por se acharem imperfeitas?\n<br><br>\nQuantas sacrificam e mudam seus corpos por n\u00e3o se encaixar num padr\u00e3o ou modelo ideal?\n<br><br>\nQuantas deixam de viver sua vida, do jeito que se \u00e9 para viverem expectativas suas ou de outros?\n<br><br>\nAvan\u00e7amos muito, conquistamos direitos e podemos avan\u00e7ar ainda mais. Podemos vencer o espelho e sabe como?\n<br><br>\nQuando trocarmos o medo pela coragem de ser feliz do jeito que voc\u00ea \u00e9. Porque modelo ideal \u00e9 voc\u00ea mesma, voc\u00ea \u00e9 \u00fanica e n\u00e3o existe ningu\u00e9m igual a voc\u00ea e isso basta. E pode acreditar.\n<br><br>\nPare de perder tempo procurando o modelo ideal, a perfei\u00e7\u00e3o. Olhe para o espelho como o seu melhor amigo, pois ele reflete tudo aquilo que voc\u00ea \u00e9, o seu modelo ideal. Mesmo que voc\u00ea queira ser ou ter a vida igual de alguma pessoa, acredite, \u00e9 bem prov\u00e1vel que a vida dela n\u00e3o seja a maravilha que aparenta ser. N\u00e3o sabemos o que acontece por detr\u00e1s dos bastidores e para aqueles que parece tudo dar certo muitas vezes tem problemas s\u00e9rios ou at\u00e9 iguais a voc\u00ea, mas voc\u00ea n\u00e3o os percebe porque eles se esfor\u00e7am para aparentar que s\u00e3o perfeitos.\n<br><br>\nEnt\u00e3o eu te convido a fazer o seguinte exerc\u00edcio: a se olhar no espelho, busque um espelho de prefer\u00eancia de corpo inteiro (fique de calcinha e suti\u00e3) e tenha uma caneta de ponta grossa preta. Agora escreva algo bonito que voc\u00ea veja no seu reflexo. \u00c9 desafiador? Pode ser, mas tamb\u00e9m pode ser muito libertador.\n<br><br>\nDepois me conte o que o \u201cEspelho, espelho meu\u201d lhe disse!! Deixe nos coment\u00e1rios ou me mande uma mensagem vou amar saber!\t\t\t\t\t\t<\/div>\n\t\t\t\t<\/div>\n\t\t\t\t<div class=\"elementor-element elementor-element-041415b elementor-align-center elementor-widget elementor-widget-button\" data-id=\"041415b\" data-element_type=\"widget\" data-widget_type=\"button.default\">\n\t\t\t\t<div class=\"elementor-widget-container\">\n\t\t\t\t\t<div class=\"elementor-button-wrapper\">\n\t\t\t<a class=\"elementor-button elementor-button-link elementor-size-sm\" href=\"https:\/\/psibetaniarianldi.com\">\n\t\t\t\t\t\t<span class=\"elementor-button-content-wrapper\">\n\t\t\t\t\t\t<span class=\"elementor-button-icon elementor-align-icon-left\">\n\t\t\t\t<svg aria-hidden=\"true\" class=\"e-font-icon-svg e-far-arrow-alt-circle-up\" viewBox=\"0 0 512 512\" xmlns=\"http:\/\/www.w3.org\/2000\/svg\"><path d=\"M256 504c137 0 248-111 248-248S393 8 256 8 8 119 8 256s111 248 248 248zm0-448c110.5 0 200 89.5 200 200s-89.5 200-200 200S56 366.5 56 256 145.5 56 256 56zm20 328h-40c-6.6 0-12-5.4-12-12V256h-67c-10.7 0-16-12.9-8.5-20.5l99-99c4.7-4.7 12.3-4.7 17 0l99 99c7.6 7.6 2.2 20.5-8.5 20.5h-67v116c0 6.6-5.4 12-12 12z\"><\/path><\/svg>\t\t\t<\/span>\n\t\t\t\t\t\t<span class=\"elementor-button-text\"><strong> Voltar para p\u00e1gina inicial.  <\/span>\n\t\t<\/span>\n\t\t\t\t\t<\/a>\n\t\t<\/div>\n\t\t\t\t<\/div>\n\t\t\t\t<\/div>\n\t\t\t\t\t<\/div>\n\t\t\t\t<\/div>\n\t\t<div class=\"elementor-element elementor-element-bfaadd1 e-flex e-con-boxed wpr-particle-no wpr-jarallax-no wpr-parallax-no wpr-sticky-section-no e-con e-parent\" data-id=\"bfaadd1\" data-element_type=\"container\" data-settings=\"{&quot;background_background&quot;:&quot;classic&quot;,&quot;container_type&quot;:&quot;flex&quot;,&quot;content_width&quot;:&quot;boxed&quot;}\" data-core-v316-plus=\"true\">\n\t\t\t\t\t<div class=\"e-con-inner\">\n\t\t<div class=\"elementor-element elementor-element-10c6738 e-con-full e-flex wpr-particle-no wpr-jarallax-no wpr-parallax-no wpr-sticky-section-no e-con e-child\" data-id=\"10c6738\" data-element_type=\"container\" data-settings=\"{&quot;content_width&quot;:&quot;full&quot;,&quot;container_type&quot;:&quot;flex&quot;}\">\n\t\t\t\t<div class=\"elementor-element elementor-element-fe8ea48 elementor-widget elementor-widget-image\" data-id=\"fe8ea48\" data-element_type=\"widget\" data-widget_type=\"image.default\">\n\t\t\t\t<div class=\"elementor-widget-container\">\n\t\t\t<style>\/*! elementor - v3.18.0 - 20-12-2023 *\/\n.elementor-widget-image{text-align:center}.elementor-widget-image a{display:inline-block}.elementor-widget-image a img[src$=\".svg\"]{width:48px}.elementor-widget-image img{vertical-align:middle;display:inline-block}<\/style>\t\t\t\t\t\t\t\t\t\t\t\t<img fetchpriority=\"high\" decoding=\"async\" width=\"1137\" height=\"472\" src=\"https:\/\/psibetaniarianldi.com\/wp-content\/uploads\/2024\/01\/logo_w.webp\" class=\"attachment-full size-full wp-image-112\" alt=\"\" srcset=\"https:\/\/psibetaniarianldi.com\/wp-content\/uploads\/2024\/01\/logo_w.webp 1137w, https:\/\/psibetaniarianldi.com\/wp-content\/uploads\/2024\/01\/logo_w-300x125.webp 300w, https:\/\/psibetaniarianldi.com\/wp-content\/uploads\/2024\/01\/logo_w-1024x425.webp 1024w, https:\/\/psibetaniarianldi.com\/wp-content\/uploads\/2024\/01\/logo_w-768x319.webp 768w\" sizes=\"(max-width: 1137px) 100vw, 1137px\" \/>\t\t\t\t\t\t\t\t\t\t\t\t\t\t\t<\/div>\n\t\t\t\t<\/div>\n\t\t\t\t<\/div>\n\t\t<div class=\"elementor-element elementor-element-2412c93 e-con-full e-flex wpr-particle-no wpr-jarallax-no wpr-parallax-no wpr-sticky-section-no e-con e-child\" data-id=\"2412c93\" data-element_type=\"container\" data-settings=\"{&quot;content_width&quot;:&quot;full&quot;,&quot;container_type&quot;:&quot;flex&quot;}\">\n\t\t\t\t<div class=\"elementor-element elementor-element-bbbafdf elementor-align-center elementor-icon-list--layout-traditional elementor-list-item-link-full_width elementor-widget elementor-widget-icon-list\" data-id=\"bbbafdf\" data-element_type=\"widget\" data-widget_type=\"icon-list.default\">\n\t\t\t\t<div class=\"elementor-widget-container\">\n\t\t\t<link rel=\"stylesheet\" href=\"https:\/\/psibetaniarianldi.com\/wp-content\/plugins\/elementor\/assets\/css\/widget-icon-list.min.css\">\t\t<ul class=\"elementor-icon-list-items\">\n\t\t\t\t\t\t\t<li class=\"elementor-icon-list-item\">\n\t\t\t\t\t\t\t\t\t\t\t<span class=\"elementor-icon-list-icon\">\n\t\t\t\t\t\t\t<svg aria-hidden=\"true\" class=\"e-font-icon-svg e-fas-lock\" viewBox=\"0 0 448 512\" xmlns=\"http:\/\/www.w3.org\/2000\/svg\"><path d=\"M400 224h-24v-72C376 68.2 307.8 0 224 0S72 68.2 72 152v72H48c-26.5 0-48 21.5-48 48v192c0 26.5 21.5 48 48 48h352c26.5 0 48-21.5 48-48V272c0-26.5-21.5-48-48-48zm-104 0H152v-72c0-39.7 32.3-72 72-72s72 32.3 72 72v72z\"><\/path><\/svg>\t\t\t\t\t\t<\/span>\n\t\t\t\t\t\t\t\t\t\t<span class=\"elementor-icon-list-text\"><strong>Todos os direitos reservados por Bet\u00e2nia Rinaldi<\/span>\n\t\t\t\t\t\t\t\t\t<\/li>\n\t\t\t\t\t\t<\/ul>\n\t\t\t\t<\/div>\n\t\t\t\t<\/div>\n\t\t\t\t<\/div>\n\t\t\t\t\t<\/div>\n\t\t\t\t<\/div>\n\t\t\t\t\t\t\t<\/div>\n\t\t","protected":false},"excerpt":{"rendered":"<p>Blog Espelho, espelho meu&#8230; Te confesso que eu nunca tive maiores problemas com o espelho. Mas j\u00e1 ouvi muitos relatos e sei que existem mulheres que n\u00e3o gostam de se olhar no espelho ou nem sequer conseguem chegar perto de um. A cl\u00e1ssica frase \u201cEspelho, espelho meu, existe algu\u00e9m mais bela do que eu? dos&#8230;<\/p>\n","protected":false},"author":1,"featured_media":0,"parent":0,"menu_order":0,"comment_status":"closed","ping_status":"closed","template":"elementor_canvas","meta":{"_kad_post_transparent":"","_kad_post_title":"hide","_kad_post_layout":"fullwidth","_kad_post_sidebar_id":"","_kad_post_content_style":"unboxed","_kad_post_vertical_padding":"hide","_kad_post_feature":"hide","_kad_post_feature_position":"","_kad_post_header":false,"_kad_post_footer":false,"footnotes":"","_joinchat":[]},"_links":{"self":[{"href":"https:\/\/psibetaniarianldi.com\/index.php\/wp-json\/wp\/v2\/pages\/509"}],"collection":[{"href":"https:\/\/psibetaniarianldi.com\/index.php\/wp-json\/wp\/v2\/pages"}],"about":[{"href":"https:\/\/psibetaniarianldi.com\/index.php\/wp-json\/wp\/v2\/types\/page"}],"author":[{"embeddable":true,"href":"https:\/\/psibetaniarianldi.com\/index.php\/wp-json\/wp\/v2\/users\/1"}],"replies":[{"embeddable":true,"href":"https:\/\/psibetaniarianldi.com\/index.php\/wp-json\/wp\/v2\/comments?post=509"}],"version-history":[{"count":37,"href":"https:\/\/psibetaniarianldi.com\/index.php\/wp-json\/wp\/v2\/pages\/509\/revisions"}],"predecessor-version":[{"id":553,"href":"https:\/\/psibetaniarianldi.com\/index.php\/wp-json\/wp\/v2\/pages\/509\/revisions\/553"}],"wp:attachment":[{"href":"https:\/\/psibetaniarianldi.com\/index.php\/wp-json\/wp\/v2\/media?parent=509"}],"curies":[{"name":"wp","href":"https:\/\/api.w.org\/{rel}","templated":true}]}}