{"id":454,"date":"2024-03-22T17:09:48","date_gmt":"2024-03-22T20:09:48","guid":{"rendered":"https:\/\/psibetaniarianldi.com\/?page_id=454"},"modified":"2024-03-22T18:47:08","modified_gmt":"2024-03-22T21:47:08","slug":"blog-1","status":"publish","type":"page","link":"https:\/\/psibetaniarianldi.com\/index.php\/blog-1\/","title":{"rendered":"Blog 1"},"content":{"rendered":"\t\t<div data-elementor-type=\"wp-page\" data-elementor-id=\"454\" class=\"elementor elementor-454\">\n\t\t\t\t\t\t\t<div class=\"elementor-element elementor-element-e0833c2 e-flex e-con-boxed wpr-particle-no wpr-jarallax-no wpr-parallax-no wpr-sticky-section-no e-con e-parent\" data-id=\"e0833c2\" data-element_type=\"container\" data-settings=\"{&quot;background_background&quot;:&quot;classic&quot;,&quot;container_type&quot;:&quot;flex&quot;,&quot;content_width&quot;:&quot;boxed&quot;}\" data-core-v316-plus=\"true\">\n\t\t\t\t\t<div class=\"e-con-inner\">\n\t\t\t\t<div class=\"elementor-element elementor-element-3935c70 elementor-widget__width-initial elementor-widget elementor-widget-heading\" data-id=\"3935c70\" data-element_type=\"widget\" data-widget_type=\"heading.default\">\n\t\t\t\t<div class=\"elementor-widget-container\">\n\t\t\t<style>\/*! elementor - v3.18.0 - 20-12-2023 *\/\n.elementor-heading-title{padding:0;margin:0;line-height:1}.elementor-widget-heading .elementor-heading-title[class*=elementor-size-]>a{color:inherit;font-size:inherit;line-height:inherit}.elementor-widget-heading .elementor-heading-title.elementor-size-small{font-size:15px}.elementor-widget-heading .elementor-heading-title.elementor-size-medium{font-size:19px}.elementor-widget-heading .elementor-heading-title.elementor-size-large{font-size:29px}.elementor-widget-heading .elementor-heading-title.elementor-size-xl{font-size:39px}.elementor-widget-heading .elementor-heading-title.elementor-size-xxl{font-size:59px}<\/style><h2 class=\"elementor-heading-title elementor-size-default\">Blog<\/h2>\t\t<\/div>\n\t\t\t\t<\/div>\n\t\t\t\t\t<\/div>\n\t\t\t\t<\/div>\n\t\t<div class=\"elementor-element elementor-element-01f21a5 e-flex e-con-boxed wpr-particle-no wpr-jarallax-no wpr-parallax-no wpr-sticky-section-no e-con e-parent\" data-id=\"01f21a5\" data-element_type=\"container\" data-settings=\"{&quot;container_type&quot;:&quot;flex&quot;,&quot;content_width&quot;:&quot;boxed&quot;}\" data-core-v316-plus=\"true\">\n\t\t\t\t\t<div class=\"e-con-inner\">\n\t\t\t\t<div class=\"elementor-element elementor-element-efd6a6a elementor-widget elementor-widget-heading\" data-id=\"efd6a6a\" data-element_type=\"widget\" data-widget_type=\"heading.default\">\n\t\t\t\t<div class=\"elementor-widget-container\">\n\t\t\t<h2 class=\"elementor-heading-title elementor-size-default\">A Vida \u00e9 o que acontece agora!<\/h2>\t\t<\/div>\n\t\t\t\t<\/div>\n\t\t\t\t<div class=\"elementor-element elementor-element-d995f8d elementor-widget elementor-widget-text-editor\" data-id=\"d995f8d\" data-element_type=\"widget\" data-widget_type=\"text-editor.default\">\n\t\t\t\t<div class=\"elementor-widget-container\">\n\t\t\t<style>\/*! elementor - v3.18.0 - 20-12-2023 *\/\n.elementor-widget-text-editor.elementor-drop-cap-view-stacked .elementor-drop-cap{background-color:#69727d;color:#fff}.elementor-widget-text-editor.elementor-drop-cap-view-framed .elementor-drop-cap{color:#69727d;border:3px solid;background-color:transparent}.elementor-widget-text-editor:not(.elementor-drop-cap-view-default) .elementor-drop-cap{margin-top:8px}.elementor-widget-text-editor:not(.elementor-drop-cap-view-default) .elementor-drop-cap-letter{width:1em;height:1em}.elementor-widget-text-editor .elementor-drop-cap{float:left;text-align:center;line-height:1;font-size:50px}.elementor-widget-text-editor .elementor-drop-cap-letter{display:inline-block}<\/style>\t\t\t\tVoc\u00ea costuma planejar sua vida? N\u00e3o permite que algo saia do planejado? E quando surge uma oportunidade no meio do caminho, voc\u00ea fica dando desculpas?\n<br><br>\nFoi assim que aconteceu com Stacy, a personagem do filme \u201cA Princesa e a Pleb\u00e9ia\u201d, ela \u00e9 uma confeiteira na cidade de Nova York e junto com seu amigo de inf\u00e2ncia Kevin tem uma Confeitaria. A hist\u00f3ria acontece na \u00e9poca do Natal, Stacy \u00e9 uma mulher bonita, jovem que planeja a vida at\u00e9 nos \u00faltimos detalhes. Desde que terminou o seu relacionamento de 3 anos parece que tem medo de fazer qualquer outra coisa. E o Natal era uma \u00e9poca muito especial para eles.\n<br><br>\nSeu amigo Kevin, percebendo isso e sem que ela soubesse, faz a inscri\u00e7\u00e3o para o concurso Internacional de Natal de Confeitaria, onde os melhores confeiteiros do mundo s\u00e3o convidados pela Fam\u00edlia Real da cidade de Belgravia.\n<br><br>\nQuando ele d\u00e1 a not\u00edcia, ela hesita e fica dando desculpas dizendo que \u201ctalvez se ele tivesse avisado com anteced\u00eancia\u201d, que \u201cn\u00e3o sou espont\u00e2nea\u201d, que \u201cn\u00e3o podemos fechar a confeitaria em pleno Natal\u201d. O amigo tenta convenc\u00ea-la usando todos os argumentos que pode, mas parece uma miss\u00e3o imposs\u00edvel. At\u00e9 que ela encontra seu ex com a nova namorada seguindo com a vida. \u00c9 nesse momento que ela decide aceitar participar do concurso e viajar para Belgravia.\n<br><br>\nQuando eles chegam na casa,o amigo Kevin sugere irem dar uma volta na cidade e imediatamente ela tira um papel do bolso com todo o planejamento dos dias que ficar\u00e3o na cidade. A partir da\u00ed v\u00e1rias coisas nunca imaginadas acontecem. E num curto espa\u00e7o de tempo sua vida \u00e9 transformada.\n<br><br>\nQuantas vezes planejamos nossa vida e ficamos presas a tantos detalhes que esquecemos de viver o momento presente? Por pensar que temos o controle queremos que tudo saia conforme planejamos. A\u00ed vem a vida e diz que n\u00e3o. E quanto mais relutamos em aceitar dificultamos que coisas boas cheguem at\u00e9 n\u00f3s.\n<br><br>\nFazer planos, planejar nos ajuda a organizar a vida, saber que estamos realizando, saber o que n\u00e3o est\u00e1 dando certo para poder mudar, mas antes de tudo estar aberta a novas possibilidades, ser flex\u00edvel e entender que n\u00e3o temos o controle de tudo \u00e9 fundamental para aceitar que merecemos o que a vida tem de melhor para nos presentear.\n<br><br>\nA vida \u00e9 o que acontece enquanto voc\u00ea est\u00e1 ocupada fazendo outros planos. N\u00e3o feche a janela e de vez em quando v\u00e1 at\u00e9 ela para olhar o que est\u00e1 acontecendo.\t\t\t\t\t\t<\/div>\n\t\t\t\t<\/div>\n\t\t\t\t<div class=\"elementor-element elementor-element-8efeee9 elementor-align-center elementor-widget elementor-widget-button\" data-id=\"8efeee9\" data-element_type=\"widget\" data-widget_type=\"button.default\">\n\t\t\t\t<div class=\"elementor-widget-container\">\n\t\t\t\t\t<div class=\"elementor-button-wrapper\">\n\t\t\t<a class=\"elementor-button elementor-button-link elementor-size-sm\" href=\"https:\/\/psibetaniarianldi.com\">\n\t\t\t\t\t\t<span class=\"elementor-button-content-wrapper\">\n\t\t\t\t\t\t<span class=\"elementor-button-icon elementor-align-icon-left\">\n\t\t\t\t<svg aria-hidden=\"true\" class=\"e-font-icon-svg e-far-arrow-alt-circle-up\" viewBox=\"0 0 512 512\" xmlns=\"http:\/\/www.w3.org\/2000\/svg\"><path d=\"M256 504c137 0 248-111 248-248S393 8 256 8 8 119 8 256s111 248 248 248zm0-448c110.5 0 200 89.5 200 200s-89.5 200-200 200S56 366.5 56 256 145.5 56 256 56zm20 328h-40c-6.6 0-12-5.4-12-12V256h-67c-10.7 0-16-12.9-8.5-20.5l99-99c4.7-4.7 12.3-4.7 17 0l99 99c7.6 7.6 2.2 20.5-8.5 20.5h-67v116c0 6.6-5.4 12-12 12z\"><\/path><\/svg>\t\t\t<\/span>\n\t\t\t\t\t\t<span class=\"elementor-button-text\"><strong> Voltar para p\u00e1gina inicial.  <\/span>\n\t\t<\/span>\n\t\t\t\t\t<\/a>\n\t\t<\/div>\n\t\t\t\t<\/div>\n\t\t\t\t<\/div>\n\t\t\t\t\t<\/div>\n\t\t\t\t<\/div>\n\t\t<div class=\"elementor-element elementor-element-4d142a2 e-flex e-con-boxed wpr-particle-no wpr-jarallax-no wpr-parallax-no wpr-sticky-section-no e-con e-parent\" data-id=\"4d142a2\" data-element_type=\"container\" data-settings=\"{&quot;background_background&quot;:&quot;classic&quot;,&quot;container_type&quot;:&quot;flex&quot;,&quot;content_width&quot;:&quot;boxed&quot;}\" data-core-v316-plus=\"true\">\n\t\t\t\t\t<div class=\"e-con-inner\">\n\t\t<div class=\"elementor-element elementor-element-47f7d8d e-con-full e-flex wpr-particle-no wpr-jarallax-no wpr-parallax-no wpr-sticky-section-no e-con e-child\" data-id=\"47f7d8d\" data-element_type=\"container\" data-settings=\"{&quot;content_width&quot;:&quot;full&quot;,&quot;container_type&quot;:&quot;flex&quot;}\">\n\t\t\t\t<div class=\"elementor-element elementor-element-33971e7 elementor-widget elementor-widget-image\" data-id=\"33971e7\" data-element_type=\"widget\" data-widget_type=\"image.default\">\n\t\t\t\t<div class=\"elementor-widget-container\">\n\t\t\t<style>\/*! elementor - v3.18.0 - 20-12-2023 *\/\n.elementor-widget-image{text-align:center}.elementor-widget-image a{display:inline-block}.elementor-widget-image a img[src$=\".svg\"]{width:48px}.elementor-widget-image img{vertical-align:middle;display:inline-block}<\/style>\t\t\t\t\t\t\t\t\t\t\t\t<img fetchpriority=\"high\" decoding=\"async\" width=\"1137\" height=\"472\" src=\"https:\/\/psibetaniarianldi.com\/wp-content\/uploads\/2024\/01\/logo_w.webp\" class=\"attachment-full size-full wp-image-112\" alt=\"\" srcset=\"https:\/\/psibetaniarianldi.com\/wp-content\/uploads\/2024\/01\/logo_w.webp 1137w, https:\/\/psibetaniarianldi.com\/wp-content\/uploads\/2024\/01\/logo_w-300x125.webp 300w, https:\/\/psibetaniarianldi.com\/wp-content\/uploads\/2024\/01\/logo_w-1024x425.webp 1024w, https:\/\/psibetaniarianldi.com\/wp-content\/uploads\/2024\/01\/logo_w-768x319.webp 768w\" sizes=\"(max-width: 1137px) 100vw, 1137px\" \/>\t\t\t\t\t\t\t\t\t\t\t\t\t\t\t<\/div>\n\t\t\t\t<\/div>\n\t\t\t\t<\/div>\n\t\t<div class=\"elementor-element elementor-element-4e74a27 e-con-full e-flex wpr-particle-no wpr-jarallax-no wpr-parallax-no wpr-sticky-section-no e-con e-child\" data-id=\"4e74a27\" data-element_type=\"container\" data-settings=\"{&quot;content_width&quot;:&quot;full&quot;,&quot;container_type&quot;:&quot;flex&quot;}\">\n\t\t\t\t<div class=\"elementor-element elementor-element-3d68d88 elementor-align-center elementor-icon-list--layout-traditional elementor-list-item-link-full_width elementor-widget elementor-widget-icon-list\" data-id=\"3d68d88\" data-element_type=\"widget\" data-widget_type=\"icon-list.default\">\n\t\t\t\t<div class=\"elementor-widget-container\">\n\t\t\t<link rel=\"stylesheet\" href=\"https:\/\/psibetaniarianldi.com\/wp-content\/plugins\/elementor\/assets\/css\/widget-icon-list.min.css\">\t\t<ul class=\"elementor-icon-list-items\">\n\t\t\t\t\t\t\t<li class=\"elementor-icon-list-item\">\n\t\t\t\t\t\t\t\t\t\t\t<span class=\"elementor-icon-list-icon\">\n\t\t\t\t\t\t\t<svg aria-hidden=\"true\" class=\"e-font-icon-svg e-fas-lock\" viewBox=\"0 0 448 512\" xmlns=\"http:\/\/www.w3.org\/2000\/svg\"><path d=\"M400 224h-24v-72C376 68.2 307.8 0 224 0S72 68.2 72 152v72H48c-26.5 0-48 21.5-48 48v192c0 26.5 21.5 48 48 48h352c26.5 0 48-21.5 48-48V272c0-26.5-21.5-48-48-48zm-104 0H152v-72c0-39.7 32.3-72 72-72s72 32.3 72 72v72z\"><\/path><\/svg>\t\t\t\t\t\t<\/span>\n\t\t\t\t\t\t\t\t\t\t<span class=\"elementor-icon-list-text\"><strong>Todos os direitos reservados por Bet\u00e2nia Rinaldi<\/span>\n\t\t\t\t\t\t\t\t\t<\/li>\n\t\t\t\t\t\t<\/ul>\n\t\t\t\t<\/div>\n\t\t\t\t<\/div>\n\t\t\t\t<\/div>\n\t\t\t\t\t<\/div>\n\t\t\t\t<\/div>\n\t\t\t\t\t\t\t<\/div>\n\t\t","protected":false},"excerpt":{"rendered":"<p>Blog A Vida \u00e9 o que acontece agora! Voc\u00ea costuma planejar sua vida? N\u00e3o permite que algo saia do planejado? E quando surge uma oportunidade no meio do caminho, voc\u00ea fica dando desculpas? Foi assim que aconteceu com Stacy, a personagem do filme \u201cA Princesa e a Pleb\u00e9ia\u201d, ela \u00e9 uma confeiteira na cidade de&#8230;<\/p>\n","protected":false},"author":1,"featured_media":0,"parent":0,"menu_order":0,"comment_status":"closed","ping_status":"closed","template":"elementor_canvas","meta":{"_kad_post_transparent":"","_kad_post_title":"hide","_kad_post_layout":"fullwidth","_kad_post_sidebar_id":"","_kad_post_content_style":"unboxed","_kad_post_vertical_padding":"hide","_kad_post_feature":"hide","_kad_post_feature_position":"","_kad_post_header":false,"_kad_post_footer":false,"footnotes":"","_joinchat":[]},"_links":{"self":[{"href":"https:\/\/psibetaniarianldi.com\/index.php\/wp-json\/wp\/v2\/pages\/454"}],"collection":[{"href":"https:\/\/psibetaniarianldi.com\/index.php\/wp-json\/wp\/v2\/pages"}],"about":[{"href":"https:\/\/psibetaniarianldi.com\/index.php\/wp-json\/wp\/v2\/types\/page"}],"author":[{"embeddable":true,"href":"https:\/\/psibetaniarianldi.com\/index.php\/wp-json\/wp\/v2\/users\/1"}],"replies":[{"embeddable":true,"href":"https:\/\/psibetaniarianldi.com\/index.php\/wp-json\/wp\/v2\/comments?post=454"}],"version-history":[{"count":7,"href":"https:\/\/psibetaniarianldi.com\/index.php\/wp-json\/wp\/v2\/pages\/454\/revisions"}],"predecessor-version":[{"id":556,"href":"https:\/\/psibetaniarianldi.com\/index.php\/wp-json\/wp\/v2\/pages\/454\/revisions\/556"}],"wp:attachment":[{"href":"https:\/\/psibetaniarianldi.com\/index.php\/wp-json\/wp\/v2\/media?parent=454"}],"curies":[{"name":"wp","href":"https:\/\/api.w.org\/{rel}","templated":true}]}}